{"id":223,"date":"2020-11-06T11:29:44","date_gmt":"2020-11-06T10:29:44","guid":{"rendered":"http:\/\/blogspedago.univ-nantes.fr\/lesdigidemasques\/?page_id=223"},"modified":"2021-01-18T15:06:35","modified_gmt":"2021-01-18T14:06:35","slug":"article-marketing-digital","status":"publish","type":"page","link":"https:\/\/blogspedago.univ-nantes.fr\/lesdigidemasques\/article-marketing-digital\/","title":{"rendered":"Articles Marketing"},"content":{"rendered":"\n<p><\/p>\n\n\n<ul class=\"wp-block-latest-posts__list has-dates has-author wp-block-latest-posts\"><li><div class=\"wp-block-latest-posts__featured-image alignleft\"><img loading=\"lazy\" decoding=\"async\" width=\"150\" height=\"122\" src=\"https:\/\/blogspedago.univ-nantes.fr\/lesdigidemasques\/files\/2021\/04\/marketing-digital.jpg\" class=\"attachment-thumbnail size-thumbnail wp-post-image\" alt=\"\" style=\"max-width:150px;max-height:150px;\" \/><\/div><a class=\"wp-block-latest-posts__post-title\" href=\"https:\/\/blogspedago.univ-nantes.fr\/lesdigidemasques\/2021\/04\/15\/les-donnees-personnelles-lor-convoite-du-marketing-digital\/\">Les donn\u00e9es personnelles, l\u2019or convoit\u00e9 du marketing digital<\/a><div class=\"wp-block-latest-posts__post-author\">par Olive PONGUI PONGUI<\/div><time datetime=\"2021-04-15T21:59:39+02:00\" class=\"wp-block-latest-posts__post-date\">15 avril 2021<\/time><div class=\"wp-block-latest-posts__post-excerpt\">Vous entendez sans doute parler sans cesse du marketing digital, mais savez-vous exactement ce qu\u2019il signifie&nbsp;? En quoi il consiste&nbsp;? Quels sont les principaux \u00e9l\u00e9ments et outils indispensables \u00e0 sa mise en place&nbsp;? Et surtout pourquoi cette discipline a-t-elle autant besoin des donn\u00e9es (personnelles) des individus ? Le Marketing digital versus Marketing traditionnel Ici, pour <a href=\"https:\/\/blogspedago.univ-nantes.fr\/lesdigidemasques\/2021\/04\/15\/les-donnees-personnelles-lor-convoite-du-marketing-digital\/\" rel=\"nofollow\"><span class=\"sr-only\">En savoir plus surLes donn\u00e9es personnelles, l\u2019or convoit\u00e9 du marketing digital<\/span>[&hellip;]<\/a><\/div><\/li>\n<li><div class=\"wp-block-latest-posts__featured-image alignleft\"><img loading=\"lazy\" decoding=\"async\" width=\"150\" height=\"75\" src=\"https:\/\/blogspedago.univ-nantes.fr\/lesdigidemasques\/files\/2021\/03\/teletravail.png\" class=\"attachment-thumbnail size-thumbnail wp-post-image\" alt=\"\" style=\"max-width:150px;max-height:150px;\" \/><\/div><a class=\"wp-block-latest-posts__post-title\" href=\"https:\/\/blogspedago.univ-nantes.fr\/lesdigidemasques\/2021\/03\/31\/quelle-demarche-marketing-face-a-la-crise-sanitaire\/\">Quelle d\u00e9marche Marketing face \u00e0 la crise sanitaire?<\/a><div class=\"wp-block-latest-posts__post-author\">par Sayda TOUNSI<\/div><time datetime=\"2021-03-31T22:58:03+02:00\" class=\"wp-block-latest-posts__post-date\">31 mars 2021<\/time><div class=\"wp-block-latest-posts__post-excerpt\">Face \u00e0 une crise sanitaire de covid sans pr\u00e9c\u00e9dent, les entreprises peuvent faire face \u00e0 des contraintes dues \u00e0 l&#8217;absence de leurs employ\u00e9s qui devront rester \u00e0 domicile, qu&#8217;ils soient malades, ou par pr\u00e9caution. Malgr\u00e9 tout, elles doivent continuer leurs activit\u00e9s et faire tourner la roue d\u2019\u00e9conomie afin d\u2019assurer leurs besoins financiers mais \u00e9galement r\u00e9pondre <a href=\"https:\/\/blogspedago.univ-nantes.fr\/lesdigidemasques\/2021\/03\/31\/quelle-demarche-marketing-face-a-la-crise-sanitaire\/\" rel=\"nofollow\"><span class=\"sr-only\">En savoir plus surQuelle d\u00e9marche Marketing face \u00e0 la crise sanitaire?<\/span>[&hellip;]<\/a><\/div><\/li>\n<li><div class=\"wp-block-latest-posts__featured-image alignleft\"><img loading=\"lazy\" decoding=\"async\" width=\"150\" height=\"99\" src=\"https:\/\/blogspedago.univ-nantes.fr\/lesdigidemasques\/files\/2021\/03\/2021-03-30_22h31_02.png\" class=\"attachment-thumbnail size-thumbnail wp-post-image\" alt=\"\" style=\"max-width:150px;max-height:150px;\" \/><\/div><a class=\"wp-block-latest-posts__post-title\" href=\"https:\/\/blogspedago.univ-nantes.fr\/lesdigidemasques\/2021\/03\/30\/teletravail-au-coeur-de-la-digitalisation-a-lere-du-covid19\/\">T\u00e9l\u00e9travail au c\u0153ur de la digitalisation \u00e0 l&#8217;\u00e8re du Covid19<\/a><div class=\"wp-block-latest-posts__post-author\">par Chahinez KERROUCHE<\/div><time datetime=\"2021-03-30T22:32:20+02:00\" class=\"wp-block-latest-posts__post-date\">30 mars 2021<\/time><div class=\"wp-block-latest-posts__post-excerpt\">Le t\u00e9l\u00e9travail et la digitalisation sont en effet un levier de man\u0153uvre pour les entreprises, surtout en temps de crise, c\u2019est deux ressources qui, combin\u00e9es ensemble, permettent de minimiser les risques et de maintenir la continuit\u00e9 de l\u2019activit\u00e9 de l\u2019entreprise, en conservant sa capacit\u00e9 de gestion, d\u2019analyse, de pilotage et d\u2019ex\u00e9cution.<\/div><\/li>\n<li><div class=\"wp-block-latest-posts__featured-image alignleft\"><img loading=\"lazy\" decoding=\"async\" width=\"150\" height=\"92\" src=\"https:\/\/blogspedago.univ-nantes.fr\/lesdigidemasques\/files\/2021\/01\/image.png\" class=\"attachment-thumbnail size-thumbnail wp-post-image\" alt=\"\" style=\"max-width:150px;max-height:150px;\" \/><\/div><a class=\"wp-block-latest-posts__post-title\" href=\"https:\/\/blogspedago.univ-nantes.fr\/lesdigidemasques\/2021\/01\/31\/les-influenceurs-et-le-marketing\/\">Les influenceurs et le marketing<\/a><div class=\"wp-block-latest-posts__post-author\">par Sayda TOUNSI<\/div><time datetime=\"2021-01-31T21:18:40+01:00\" class=\"wp-block-latest-posts__post-date\">31 janvier 2021<\/time><div class=\"wp-block-latest-posts__post-excerpt\">Nous entendons parler, de nos jours, des influenceurs, des followers, des marques sponsoris\u00e9es, des stories et toute une liste de nouveaux termes li\u00e9e \u00e0 l\u2019apparition et \u00e0 l\u2019utilisation des r\u00e9seaux sociaux. Cette nouvelle tendance nous a incit\u00e9s \u00e0 enqu\u00eater sur l\u2019\u00e9mergence de ce ph\u00e9nom\u00e8ne, de plus en plus pr\u00e9sent dans notre vie quotidienne.&nbsp;&nbsp; Tout d\u2019abord, <a href=\"https:\/\/blogspedago.univ-nantes.fr\/lesdigidemasques\/2021\/01\/31\/les-influenceurs-et-le-marketing\/\" rel=\"nofollow\"><span class=\"sr-only\">En savoir plus surLes influenceurs et le marketing<\/span>[&hellip;]<\/a><\/div><\/li>\n<li><div class=\"wp-block-latest-posts__featured-image alignleft\"><img loading=\"lazy\" decoding=\"async\" width=\"150\" height=\"69\" src=\"https:\/\/blogspedago.univ-nantes.fr\/lesdigidemasques\/files\/2021\/01\/2021-01-21_18h19_22.png\" class=\"attachment-thumbnail size-thumbnail wp-post-image\" alt=\"\" style=\"max-width:150px;max-height:150px;\" \/><\/div><a class=\"wp-block-latest-posts__post-title\" href=\"https:\/\/blogspedago.univ-nantes.fr\/lesdigidemasques\/2021\/01\/19\/_transformation_digitale_des_entreprises\/\">Vers une transformation digitale des entreprises<\/a><div class=\"wp-block-latest-posts__post-author\">par Chahinez KERROUCHE<\/div><time datetime=\"2021-01-19T22:37:15+01:00\" class=\"wp-block-latest-posts__post-date\">19 janvier 2021<\/time><div class=\"wp-block-latest-posts__post-excerpt\">La naissance des nouvelles technologies dans le monde est purement et simplement le plus grand \u00e9v\u00e9nement de cette d\u00e9cennie. Nous vivons actuellement une p\u00e9riode de transition industrielle sans pr\u00e9c\u00e9dent, celle-ci change rapidement la fa\u00e7on dont les humains cr\u00e9ent, \u00e9changent et distribuent la valeur&#8230;<\/div><\/li>\n<li><div class=\"wp-block-latest-posts__featured-image alignleft\"><img loading=\"lazy\" decoding=\"async\" width=\"150\" height=\"100\" src=\"https:\/\/blogspedago.univ-nantes.fr\/lesdigidemasques\/files\/2021\/01\/838_rellser-1.jpeg\" class=\"attachment-thumbnail size-thumbnail wp-post-image\" alt=\"\" style=\"max-width:150px;max-height:150px;\" \/><\/div><a class=\"wp-block-latest-posts__post-title\" href=\"https:\/\/blogspedago.univ-nantes.fr\/lesdigidemasques\/2021\/01\/16\/impact-de-la-crise-sanitaire-vers-une-consommation-digitale-de-la-culture\/\">Impact de la crise sanitaire : vers une consommation digitale de la culture ?<\/a><div class=\"wp-block-latest-posts__post-author\">par Olive PONGUI PONGUI<\/div><time datetime=\"2021-01-16T22:04:13+01:00\" class=\"wp-block-latest-posts__post-date\">16 janvier 2021<\/time><div class=\"wp-block-latest-posts__post-excerpt\">La crise sanitaire que traverse actuellement la quasi-totalit\u00e9 de la plan\u00e8te a montr\u00e9 une fois de plus l\u2019incapacit\u00e9 de l\u2019\u00eatre humain \u00e0 g\u00e9rer, voire \u00e0 faire face \u00e0 des crises impr\u00e9visibles. Cette crise a d\u2019ailleurs eu des cons\u00e9quences tr\u00e8s drastiques sur certains secteurs strat\u00e9giques des \u00c9tats \u00e0 l\u2019instar du secteur culturel. C\u2019est celui qui souffre <a href=\"https:\/\/blogspedago.univ-nantes.fr\/lesdigidemasques\/2021\/01\/16\/impact-de-la-crise-sanitaire-vers-une-consommation-digitale-de-la-culture\/\" rel=\"nofollow\"><span class=\"sr-only\">En savoir plus surImpact de la crise sanitaire : vers une consommation digitale de la culture ?<\/span>[&hellip;]<\/a><\/div><\/li>\n<\/ul>","protected":false},"excerpt":{"rendered":"","protected":false},"author":688,"featured_media":0,"parent":0,"menu_order":0,"comment_status":"closed","ping_status":"closed","template":"","meta":{"_bbp_topic_count":0,"_bbp_reply_count":0,"_bbp_total_topic_count":0,"_bbp_total_reply_count":0,"_bbp_voice_count":0,"_bbp_anonymous_reply_count":0,"_bbp_topic_count_hidden":0,"_bbp_reply_count_hidden":0,"_bbp_forum_subforum_count":0,"footnotes":""},"_links":{"self":[{"href":"https:\/\/blogspedago.univ-nantes.fr\/lesdigidemasques\/wp-json\/wp\/v2\/pages\/223"}],"collection":[{"href":"https:\/\/blogspedago.univ-nantes.fr\/lesdigidemasques\/wp-json\/wp\/v2\/pages"}],"about":[{"href":"https:\/\/blogspedago.univ-nantes.fr\/lesdigidemasques\/wp-json\/wp\/v2\/types\/page"}],"author":[{"embeddable":true,"href":"https:\/\/blogspedago.univ-nantes.fr\/lesdigidemasques\/wp-json\/wp\/v2\/users\/688"}],"replies":[{"embeddable":true,"href":"https:\/\/blogspedago.univ-nantes.fr\/lesdigidemasques\/wp-json\/wp\/v2\/comments?post=223"}],"version-history":[{"count":10,"href":"https:\/\/blogspedago.univ-nantes.fr\/lesdigidemasques\/wp-json\/wp\/v2\/pages\/223\/revisions"}],"predecessor-version":[{"id":1065,"href":"https:\/\/blogspedago.univ-nantes.fr\/lesdigidemasques\/wp-json\/wp\/v2\/pages\/223\/revisions\/1065"}],"wp:attachment":[{"href":"https:\/\/blogspedago.univ-nantes.fr\/lesdigidemasques\/wp-json\/wp\/v2\/media?parent=223"}],"curies":[{"name":"wp","href":"https:\/\/api.w.org\/{rel}","templated":true}]}}