{"id":211,"date":"2017-12-08T10:23:45","date_gmt":"2017-12-08T09:23:45","guid":{"rendered":"http:\/\/blogspedago.univ-nantes.fr\/maechine\/?page_id=211"},"modified":"2024-01-17T21:16:56","modified_gmt":"2024-01-17T20:16:56","slug":"le-master-vu-par-les-etudiants","status":"publish","type":"page","link":"https:\/\/blogspedago.univ-nantes.fr\/maechine\/presentation-de-la-formation\/le-master-vu-par-les-etudiants\/","title":{"rendered":"Le master vu par les \u00e9tudiants"},"content":{"rendered":"\n<figure class=\"wp-block-image size-full\"><img loading=\"lazy\" decoding=\"async\" width=\"489\" height=\"337\" src=\"http:\/\/blogspedago.univ-nantes.fr\/maechine\/files\/2021\/03\/image-7.png\" alt=\"\" class=\"wp-image-1348\" \/><\/figure>\n\n\n<p>La formation s\u2019adresse aux \u00e9tudiants d\u2019origine asiatique issus des universit\u00e9s reconnues par l\u2019\u00c9tat et titulaires d\u2019un niveau reconnu comme \u00e9quivalent au Master 1\/Bachelor (\u00ab \u672c\u79d1 \u00bb en Chine), quelle que soit la discipline.<br \/>En cours de gestion de projet, le d\u00e9fi etait de cr\u00e9er une vid\u00e9o pour pr\u00e9senter le master sous diff\u00e9rentes formes et de fa\u00e7on nouvelle&#8230; Ils ont os\u00e9 ! Bravo&#8230; Qu&#8217;en pensez vous ?<\/p>","protected":false},"excerpt":{"rendered":"<p>La formation s\u2019adresse aux \u00e9tudiants d\u2019origine asiatique issus des universit\u00e9s reconnues par l\u2019\u00c9tat et titulaires d\u2019un niveau reconnu comme \u00e9quivalent [&hellip;]<\/p>\n","protected":false},"author":126,"featured_media":0,"parent":34,"menu_order":0,"comment_status":"closed","ping_status":"closed","template":"","meta":{"_bbp_topic_count":0,"_bbp_reply_count":0,"_bbp_total_topic_count":0,"_bbp_total_reply_count":0,"_bbp_voice_count":0,"_bbp_anonymous_reply_count":0,"_bbp_topic_count_hidden":0,"_bbp_reply_count_hidden":0,"_bbp_forum_subforum_count":0,"footnotes":""},"_links":{"self":[{"href":"https:\/\/blogspedago.univ-nantes.fr\/maechine\/wp-json\/wp\/v2\/pages\/211"}],"collection":[{"href":"https:\/\/blogspedago.univ-nantes.fr\/maechine\/wp-json\/wp\/v2\/pages"}],"about":[{"href":"https:\/\/blogspedago.univ-nantes.fr\/maechine\/wp-json\/wp\/v2\/types\/page"}],"author":[{"embeddable":true,"href":"https:\/\/blogspedago.univ-nantes.fr\/maechine\/wp-json\/wp\/v2\/users\/126"}],"replies":[{"embeddable":true,"href":"https:\/\/blogspedago.univ-nantes.fr\/maechine\/wp-json\/wp\/v2\/comments?post=211"}],"version-history":[{"count":6,"href":"https:\/\/blogspedago.univ-nantes.fr\/maechine\/wp-json\/wp\/v2\/pages\/211\/revisions"}],"predecessor-version":[{"id":1671,"href":"https:\/\/blogspedago.univ-nantes.fr\/maechine\/wp-json\/wp\/v2\/pages\/211\/revisions\/1671"}],"up":[{"embeddable":true,"href":"https:\/\/blogspedago.univ-nantes.fr\/maechine\/wp-json\/wp\/v2\/pages\/34"}],"wp:attachment":[{"href":"https:\/\/blogspedago.univ-nantes.fr\/maechine\/wp-json\/wp\/v2\/media?parent=211"}],"curies":[{"name":"wp","href":"https:\/\/api.w.org\/{rel}","templated":true}]}}