{"id":34,"date":"2017-10-02T21:47:01","date_gmt":"2017-10-02T19:47:01","guid":{"rendered":"http:\/\/blogspedago.univ-nantes.fr\/maechine\/?page_id=34"},"modified":"2024-01-17T20:25:39","modified_gmt":"2024-01-17T19:25:39","slug":"presentation-de-la-formation","status":"publish","type":"page","link":"https:\/\/blogspedago.univ-nantes.fr\/maechine\/presentation-de-la-formation\/","title":{"rendered":"pr\u00e9sentation de la formation"},"content":{"rendered":"<h1>Master 1 MAE &#8211; Management International Franco-Asiatique<\/h1>\n<p>Le M1 Management et Administration des Entreprises (MAE) parcours Management International Franco-Asiatique (MIFA) a pour objectif de former des \u00e9tudiants n\u2019\u00e9tant pas ant\u00e9rieurement sp\u00e9cialis\u00e9s en management et en gestion. La comp\u00e9tence initiale des candidats s\u2019ajoute \u00e0 celle acquise en gestion par ce dipl\u00f4me. Cette double comp\u00e9tence permet de valoriser la formation d\u2019origine et de faciliter l\u2019insertion professionnelle. A l\u2019issue de cette formation de deux ans, les \u00e9tudiants qui ont satisfait aux conditions de contr\u00f4le des connaissances re\u00e7oivent le dipl\u00f4me de Master Management et administration des entreprises.<br \/>\n<img loading=\"lazy\" decoding=\"async\" class=\"alignnone size-full wp-image-706\" src=\"http:\/\/blogspedago.univ-nantes.fr\/maechine\/files\/2018\/08\/photo-iae-1490119141.jpg\" alt=\"\" width=\"573\" height=\"380\" \/><br \/>\nC\u2019est un dipl\u00f4me d\u2019\u00c9tat faisant partie du programme du r\u00e9seau national IAE FRANCE consacr\u00e9 \u00e0 la double comp\u00e9tence (www.iae-france.fr).<\/p>\n<p>pour en savoir plus : http:\/\/www.iae.univ-nantes.fr\/nos-formations\/master-mae-parcours-management-double-competence-chine-asie-2221368.kjsp?RH=1236608933348<\/p>\n","protected":false},"excerpt":{"rendered":"<p>Master 1 MAE &#8211; Management International Franco-Asiatique Le M1 Management et Administration des Entreprises (MAE) parcours Management International Franco-Asiatique (MIFA) [&hellip;]<\/p>\n","protected":false},"author":126,"featured_media":0,"parent":0,"menu_order":0,"comment_status":"closed","ping_status":"closed","template":"","meta":{"_bbp_topic_count":0,"_bbp_reply_count":0,"_bbp_total_topic_count":0,"_bbp_total_reply_count":0,"_bbp_voice_count":0,"_bbp_anonymous_reply_count":0,"_bbp_topic_count_hidden":0,"_bbp_reply_count_hidden":0,"_bbp_forum_subforum_count":0,"footnotes":""},"_links":{"self":[{"href":"https:\/\/blogspedago.univ-nantes.fr\/maechine\/wp-json\/wp\/v2\/pages\/34"}],"collection":[{"href":"https:\/\/blogspedago.univ-nantes.fr\/maechine\/wp-json\/wp\/v2\/pages"}],"about":[{"href":"https:\/\/blogspedago.univ-nantes.fr\/maechine\/wp-json\/wp\/v2\/types\/page"}],"author":[{"embeddable":true,"href":"https:\/\/blogspedago.univ-nantes.fr\/maechine\/wp-json\/wp\/v2\/users\/126"}],"replies":[{"embeddable":true,"href":"https:\/\/blogspedago.univ-nantes.fr\/maechine\/wp-json\/wp\/v2\/comments?post=34"}],"version-history":[{"count":5,"href":"https:\/\/blogspedago.univ-nantes.fr\/maechine\/wp-json\/wp\/v2\/pages\/34\/revisions"}],"predecessor-version":[{"id":1665,"href":"https:\/\/blogspedago.univ-nantes.fr\/maechine\/wp-json\/wp\/v2\/pages\/34\/revisions\/1665"}],"wp:attachment":[{"href":"https:\/\/blogspedago.univ-nantes.fr\/maechine\/wp-json\/wp\/v2\/media?parent=34"}],"curies":[{"name":"wp","href":"https:\/\/api.w.org\/{rel}","templated":true}]}}